{"id":10,"date":"2025-11-11T19:03:20","date_gmt":"2025-11-11T19:03:20","guid":{"rendered":"https:\/\/gecontperu.com\/?page_id=10"},"modified":"2025-11-11T23:24:07","modified_gmt":"2025-11-11T23:24:07","slug":"nosotros","status":"publish","type":"page","link":"https:\/\/gecontperu.com\/?page_id=10","title":{"rendered":"NOSOTROS"},"content":{"rendered":"<p>[et_pb_section fb_built=\u00bb1&#8243; next_background_color=\u00bb#ffffff\u00bb _builder_version=\u00bb4.27.4&#8243; _module_preset=\u00bbdefault\u00bb background_color=\u00bb#E02B20&#8243; background_image=\u00bbhttps:\/\/gecontperu.com\/wp-content\/uploads\/2025\/11\/contab.jpg\u00bb background_blend=\u00bbcolor-burn\u00bb custom_padding=\u00bb0px||0px|||\u00bb bottom_divider_style=\u00bbwave2&#8243; bottom_divider_height=\u00bb62px\u00bb animation_style=\u00bbbounce\u00bb global_colors_info=\u00bb{}\u00bb][et_pb_row _builder_version=\u00bb4.27.4&#8243; _module_preset=\u00bbdefault\u00bb custom_padding=\u00bb32px||42px|||\u00bb global_colors_info=\u00bb{}\u00bb][et_pb_column type=\u00bb4_4&#8243; _builder_version=\u00bb4.27.4&#8243; _module_preset=\u00bbdefault\u00bb global_colors_info=\u00bb{}\u00bb][et_pb_text _builder_version=\u00bb4.27.4&#8243; _module_preset=\u00bbdefault\u00bb text_font=\u00bb|700||on|||||\u00bb text_text_color=\u00bb#FFFFFF\u00bb text_font_size=\u00bb5vw\u00bb text_line_height=\u00bb1.4em\u00bb text_orientation=\u00bbcenter\u00bb custom_margin=\u00bb||0px||false|false\u00bb text_font_size_tablet=\u00bb5vw\u00bb text_font_size_phone=\u00bb7vw\u00bb text_font_size_last_edited=\u00bbon|phone\u00bb global_colors_info=\u00bb{}\u00bb]<\/p>\n<p>NOSOTROS<\/p>\n<p>[\/et_pb_text][et_pb_divider color=\u00bb#000000&#8243; divider_weight=\u00bb6px\u00bb _builder_version=\u00bb4.27.4&#8243; _module_preset=\u00bbdefault\u00bb width=\u00bb60px\u00bb module_alignment=\u00bbcenter\u00bb global_colors_info=\u00bb{}\u00bb][\/et_pb_divider][\/et_pb_column][\/et_pb_row][\/et_pb_section][et_pb_section fb_built=\u00bb1&#8243; _builder_version=\u00bb4.27.4&#8243; _module_preset=\u00bbdefault\u00bb custom_padding=\u00bb5px|||||\u00bb global_colors_info=\u00bb{}\u00bb][et_pb_row column_structure=\u00bb1_2,1_2&#8243; _builder_version=\u00bb4.27.4&#8243; _module_preset=\u00bbdefault\u00bb global_colors_info=\u00bb{}\u00bb][et_pb_column type=\u00bb1_2&#8243; _builder_version=\u00bb4.27.4&#8243; _module_preset=\u00bbdefault\u00bb global_colors_info=\u00bb{}\u00bb][et_pb_text _builder_version=\u00bb4.27.4&#8243; _module_preset=\u00bbdefault\u00bb text_text_color=\u00bb#000000&#8243; text_line_height=\u00bb1.5em\u00bb animation_style=\u00bbbounce\u00bb global_colors_info=\u00bb{}\u00bb]<\/p>\n<p style=\"text-align: justify;\">GECONT con m\u00e1s de 15 a\u00f1os EN EL MERCADO , CUENTA CON LA experiencia y conocimiento asesorando a las empresas del Per\u00fa, llevar\u00e1nDO la contabilidad de tu empresa en base a la normativa contable, tributaria y laboral vigente, evitando contingencias con la SUNAT y la SUNAFIL.<br \/>Nuestro equipo de profesionales con amplia experiencia en empresas de diferentes sectores, como construcci\u00f3n, miner\u00eda, servicios, educaci\u00f3n,TRANSPORTE, retail, comerciales y salud, por lo que tenemos la capacidad y los conocimientos (know-how) adecuados para brindar soluciones en el menor tiempo. asegur\u00e1ndole el exito de su EMPRESA O NEGOCIO.<\/p>\n<p>[\/et_pb_text][\/et_pb_column][et_pb_column type=\u00bb1_2&#8243; _builder_version=\u00bb4.27.4&#8243; _module_preset=\u00bbdefault\u00bb global_colors_info=\u00bb{}\u00bb][et_pb_text _builder_version=\u00bb4.27.4&#8243; _module_preset=\u00bbdefault\u00bb text_font=\u00bb|700||on|||||\u00bb text_text_color=\u00bb#000000&#8243; text_font_size=\u00bb18px\u00bb text_line_height=\u00bb1.4em\u00bb text_orientation=\u00bbcenter\u00bb custom_margin=\u00bb||10px||false|false\u00bb global_colors_info=\u00bb{}\u00bb]<\/p>\n<p>MISI\u00d3N<\/p>\n<p>[\/et_pb_text][et_pb_text _builder_version=\u00bb4.27.4&#8243; _module_preset=\u00bbdefault\u00bb text_text_color=\u00bb#FFFFFF\u00bb text_line_height=\u00bb1.4em\u00bb background_color=\u00bb#E02B20&#8243; custom_padding=\u00bb15px|15px|15px|15px|false|false\u00bb text_text_shadow_style=\u00bbpreset1&#8243; global_colors_info=\u00bb{}\u00bb]<\/p>\n<p data-start=\"704\" data-end=\"918\" style=\"text-align: justify;\">Brindar servicios contables y tributarios de alta calidad que contribuyan al desarrollo sostenible de nuestros clientes, garantizando una gesti\u00f3n eficiente, cumplimiento fiscal y decisiones financieras acertadas.<\/p>\n<p>[\/et_pb_text][et_pb_text _builder_version=\u00bb4.27.4&#8243; _module_preset=\u00bbdefault\u00bb text_font=\u00bb|700||on|||||\u00bb text_text_color=\u00bb#000000&#8243; text_font_size=\u00bb18px\u00bb text_line_height=\u00bb1.4em\u00bb text_orientation=\u00bbcenter\u00bb custom_margin=\u00bb||10px||false|false\u00bb global_colors_info=\u00bb{}\u00bb]<\/p>\n<p>VISI\u00d3N<\/p>\n<p>[\/et_pb_text][et_pb_text _builder_version=\u00bb4.27.4&#8243; _module_preset=\u00bbdefault\u00bb text_text_color=\u00bb#FFFFFF\u00bb text_line_height=\u00bb1.4em\u00bb background_color=\u00bb#000000&#8243; custom_padding=\u00bb15px|15px|15px|15px|false|false\u00bb text_text_shadow_style=\u00bbpreset1&#8243; global_colors_info=\u00bb{}\u00bb]<\/p>\n<p data-start=\"942\" data-end=\"1107\" style=\"text-align: justify;\">Ser una firma l\u00edder en soluciones contables y tributarias reconocida por su profesionalismo, innovaci\u00f3n y compromiso con el \u00e9xito de las empresas a nivel nacional.<\/p>\n<p>[\/et_pb_text][\/et_pb_column][\/et_pb_row][\/et_pb_section]<\/p>\n","protected":false},"excerpt":{"rendered":"<p>NOSOTROSGECONT con m\u00e1s de 15 a\u00f1os EN EL MERCADO , CUENTA CON LA experiencia y conocimiento asesorando a las empresas del Per\u00fa, llevar\u00e1nDO la contabilidad de tu empresa en base a la normativa contable, tributaria y laboral vigente, evitando contingencias con la SUNAT y la SUNAFIL.Nuestro equipo de profesionales con amplia experiencia en empresas de [&hellip;]<\/p>\n","protected":false},"author":1,"featured_media":0,"parent":0,"menu_order":0,"comment_status":"closed","ping_status":"closed","template":"","meta":{"_et_pb_use_builder":"on","_et_pb_old_content":"<!-- wp:divi\/placeholder \/-->","_et_gb_content_width":"","_joinchat":[],"footnotes":""},"class_list":["post-10","page","type-page","status-publish","hentry"],"_links":{"self":[{"href":"https:\/\/gecontperu.com\/index.php?rest_route=\/wp\/v2\/pages\/10","targetHints":{"allow":["GET"]}}],"collection":[{"href":"https:\/\/gecontperu.com\/index.php?rest_route=\/wp\/v2\/pages"}],"about":[{"href":"https:\/\/gecontperu.com\/index.php?rest_route=\/wp\/v2\/types\/page"}],"author":[{"embeddable":true,"href":"https:\/\/gecontperu.com\/index.php?rest_route=\/wp\/v2\/users\/1"}],"replies":[{"embeddable":true,"href":"https:\/\/gecontperu.com\/index.php?rest_route=%2Fwp%2Fv2%2Fcomments&post=10"}],"version-history":[{"count":5,"href":"https:\/\/gecontperu.com\/index.php?rest_route=\/wp\/v2\/pages\/10\/revisions"}],"predecessor-version":[{"id":787,"href":"https:\/\/gecontperu.com\/index.php?rest_route=\/wp\/v2\/pages\/10\/revisions\/787"}],"wp:attachment":[{"href":"https:\/\/gecontperu.com\/index.php?rest_route=%2Fwp%2Fv2%2Fmedia&parent=10"}],"curies":[{"name":"wp","href":"https:\/\/api.w.org\/{rel}","templated":true}]}}