{"id":12,"date":"2025-11-11T19:03:33","date_gmt":"2025-11-11T19:03:33","guid":{"rendered":"https:\/\/gecontperu.com\/?page_id=12"},"modified":"2025-11-12T17:51:46","modified_gmt":"2025-11-12T17:51:46","slug":"servicios","status":"publish","type":"page","link":"https:\/\/gecontperu.com\/?page_id=12","title":{"rendered":"SERVICIOS"},"content":{"rendered":"<p>[et_pb_section fb_built=\u00bb1&#8243; next_background_color=\u00bb#ffffff\u00bb _builder_version=\u00bb4.27.4&#8243; _module_preset=\u00bbdefault\u00bb background_color=\u00bb#E02B20&#8243; background_image=\u00bbhttps:\/\/gecontperu.com\/wp-content\/uploads\/2025\/11\/contab.jpg\u00bb background_blend=\u00bbcolor-burn\u00bb custom_padding=\u00bb0px||0px|||\u00bb bottom_divider_style=\u00bbwave2&#8243; bottom_divider_height=\u00bb62px\u00bb animation_style=\u00bbbounce\u00bb global_colors_info=\u00bb{}\u00bb][et_pb_row _builder_version=\u00bb4.27.4&#8243; _module_preset=\u00bbdefault\u00bb custom_padding=\u00bb32px||42px|||\u00bb global_colors_info=\u00bb{}\u00bb][et_pb_column type=\u00bb4_4&#8243; _builder_version=\u00bb4.27.4&#8243; _module_preset=\u00bbdefault\u00bb global_colors_info=\u00bb{}\u00bb][et_pb_text _builder_version=\u00bb4.27.4&#8243; _module_preset=\u00bbdefault\u00bb text_font=\u00bb|700||on|||||\u00bb text_text_color=\u00bb#FFFFFF\u00bb text_font_size=\u00bb5vw\u00bb text_line_height=\u00bb1.4em\u00bb text_orientation=\u00bbcenter\u00bb custom_margin=\u00bb||0px||false|false\u00bb text_font_size_tablet=\u00bb5vw\u00bb text_font_size_phone=\u00bb7vw\u00bb text_font_size_last_edited=\u00bbon|phone\u00bb global_colors_info=\u00bb{}\u00bb]<\/p>\n<p>SERVICIOS<\/p>\n<p>[\/et_pb_text][et_pb_divider color=\u00bb#000000&#8243; divider_weight=\u00bb6px\u00bb _builder_version=\u00bb4.27.4&#8243; _module_preset=\u00bbdefault\u00bb width=\u00bb60px\u00bb module_alignment=\u00bbcenter\u00bb global_colors_info=\u00bb{}\u00bb][\/et_pb_divider][\/et_pb_column][\/et_pb_row][\/et_pb_section][et_pb_section fb_built=\u00bb1&#8243; _builder_version=\u00bb4.27.4&#8243; _module_preset=\u00bbdefault\u00bb custom_padding=\u00bb20px|||||\u00bb global_colors_info=\u00bb{}\u00bb][et_pb_row column_structure=\u00bb1_3,1_3,1_3&#8243; make_equal=\u00bbon\u00bb _builder_version=\u00bb4.27.4&#8243; _module_preset=\u00bbdefault\u00bb animation_style=\u00bbzoom\u00bb global_colors_info=\u00bb{}\u00bb][et_pb_column type=\u00bb1_3&#8243; _builder_version=\u00bb4.27.4&#8243; _dynamic_attributes=\u00bblink_option_url\u00bb _module_preset=\u00bbdefault\u00bb link_option_url=\u00bb@ET-DC@eyJkeW5hbWljIjp0cnVlLCJjb250ZW50IjoicG9zdF9saW5rX3VybF9wYWdlIiwic2V0dGluZ3MiOnsicG9zdF9pZCI6Ijc3NyJ9fQ==@\u00bb global_colors_info=\u00bb{}\u00bb][et_pb_image src=\u00bbhttps:\/\/gecontperu.com\/wp-content\/uploads\/2025\/11\/1.jpg\u00bb title_text=\u00bb1&#8243; align=\u00bbcenter\u00bb _builder_version=\u00bb4.27.4&#8243; _module_preset=\u00bbdefault\u00bb custom_margin=\u00bb||0px||false|false\u00bb border_radii=\u00bboff|20px|20px||\u00bb global_colors_info=\u00bb{}\u00bb][\/et_pb_image][et_pb_text _builder_version=\u00bb4.27.4&#8243; _module_preset=\u00bbdefault\u00bb text_font=\u00bb|700|||||||\u00bb text_text_color=\u00bb#FFFFFF\u00bb text_font_size=\u00bb17px\u00bb text_line_height=\u00bb1.4em\u00bb background_color=\u00bb#000000&#8243; text_orientation=\u00bbcenter\u00bb custom_padding=\u00bb10px|10px|10px|10px|false|false\u00bb border_radii=\u00bboff|||20px|20px\u00bb border_width_top=\u00bb6px\u00bb border_color_top=\u00bb#c9241c\u00bb global_colors_info=\u00bb{}\u00bb]<\/p>\n<p>OUTSOURCING CONTABLE<\/p>\n<p>[\/et_pb_text][\/et_pb_column][et_pb_column type=\u00bb1_3&#8243; _builder_version=\u00bb4.27.4&#8243; _dynamic_attributes=\u00bblink_option_url\u00bb _module_preset=\u00bbdefault\u00bb link_option_url=\u00bb@ET-DC@eyJkeW5hbWljIjp0cnVlLCJjb250ZW50IjoicG9zdF9saW5rX3VybF9wYWdlIiwic2V0dGluZ3MiOnsicG9zdF9pZCI6Ijc3OSJ9fQ==@\u00bb global_colors_info=\u00bb{}\u00bb][et_pb_image src=\u00bbhttps:\/\/gecontperu.com\/wp-content\/uploads\/2025\/11\/2.jpg\u00bb title_text=\u00bb2&#8243; align=\u00bbcenter\u00bb _builder_version=\u00bb4.27.4&#8243; _module_preset=\u00bbdefault\u00bb custom_margin=\u00bb||0px||false|false\u00bb border_radii=\u00bboff|20px|20px||\u00bb global_colors_info=\u00bb{}\u00bb][\/et_pb_image][et_pb_text _builder_version=\u00bb4.27.4&#8243; _module_preset=\u00bbdefault\u00bb text_font=\u00bb|700|||||||\u00bb text_text_color=\u00bb#FFFFFF\u00bb text_font_size=\u00bb17px\u00bb text_line_height=\u00bb1.4em\u00bb background_color=\u00bb#000000&#8243; text_orientation=\u00bbcenter\u00bb custom_padding=\u00bb10px|10px|10px|10px|false|false\u00bb border_radii=\u00bboff|||20px|20px\u00bb border_width_top=\u00bb6px\u00bb border_color_top=\u00bb#c9241c\u00bb global_colors_info=\u00bb{}\u00bb]<\/p>\n<p>GESTION DE PLANILLAS<\/p>\n<p>[\/et_pb_text][\/et_pb_column][et_pb_column type=\u00bb1_3&#8243; _builder_version=\u00bb4.27.4&#8243; _dynamic_attributes=\u00bblink_option_url\u00bb _module_preset=\u00bbdefault\u00bb link_option_url=\u00bb@ET-DC@eyJkeW5hbWljIjp0cnVlLCJjb250ZW50IjoicG9zdF9saW5rX3VybF9wYWdlIiwic2V0dGluZ3MiOnsicG9zdF9pZCI6Ijc4MSJ9fQ==@\u00bb global_colors_info=\u00bb{}\u00bb][et_pb_image src=\u00bbhttps:\/\/gecontperu.com\/wp-content\/uploads\/2025\/11\/3.jpg\u00bb title_text=\u00bb3&#8243; align=\u00bbcenter\u00bb _builder_version=\u00bb4.27.4&#8243; _module_preset=\u00bbdefault\u00bb custom_margin=\u00bb||0px||false|false\u00bb border_radii=\u00bboff|20px|20px||\u00bb global_colors_info=\u00bb{}\u00bb][\/et_pb_image][et_pb_text _builder_version=\u00bb4.27.4&#8243; _module_preset=\u00bbdefault\u00bb text_font=\u00bb|700|||||||\u00bb text_text_color=\u00bb#FFFFFF\u00bb text_font_size=\u00bb17px\u00bb text_line_height=\u00bb1.4em\u00bb background_color=\u00bb#000000&#8243; text_orientation=\u00bbcenter\u00bb custom_padding=\u00bb10px|10px|10px|10px|false|false\u00bb border_radii=\u00bboff|||20px|20px\u00bb border_width_top=\u00bb5px\u00bb border_color_top=\u00bb#c9241c\u00bb global_colors_info=\u00bb{}\u00bb]<\/p>\n<p>CONTABILIDAD ONLINE<\/p>\n<p>[\/et_pb_text][\/et_pb_column][\/et_pb_row][et_pb_row column_structure=\u00bb1_3,1_3,1_3&#8243; make_equal=\u00bbon\u00bb _builder_version=\u00bb4.27.4&#8243; _module_preset=\u00bbdefault\u00bb animation_style=\u00bbzoom\u00bb hover_enabled=\u00bb0&#8243; global_colors_info=\u00bb{}\u00bb sticky_enabled=\u00bb0&#8243;][et_pb_column type=\u00bb1_3&#8243; _builder_version=\u00bb4.27.4&#8243; _dynamic_attributes=\u00bblink_option_url\u00bb _module_preset=\u00bbdefault\u00bb link_option_url=\u00bb@ET-DC@eyJkeW5hbWljIjp0cnVlLCJjb250ZW50IjoicG9zdF9saW5rX3VybF9wYWdlIiwic2V0dGluZ3MiOnsicG9zdF9pZCI6Ijc4MyJ9fQ==@\u00bb global_colors_info=\u00bb{}\u00bb][et_pb_image src=\u00bbhttps:\/\/gecontperu.com\/wp-content\/uploads\/2025\/11\/4.jpg\u00bb title_text=\u00bb4&#8243; align=\u00bbcenter\u00bb _builder_version=\u00bb4.27.4&#8243; _module_preset=\u00bbdefault\u00bb custom_margin=\u00bb||0px||false|false\u00bb border_radii=\u00bboff|20px|20px||\u00bb global_colors_info=\u00bb{}\u00bb][\/et_pb_image][et_pb_text _builder_version=\u00bb4.27.4&#8243; _module_preset=\u00bbdefault\u00bb text_font=\u00bb|700|||||||\u00bb text_text_color=\u00bb#FFFFFF\u00bb text_font_size=\u00bb17px\u00bb text_line_height=\u00bb1.4em\u00bb background_color=\u00bb#000000&#8243; text_orientation=\u00bbcenter\u00bb custom_padding=\u00bb10px|10px|10px|10px|false|false\u00bb border_radii=\u00bboff|||20px|20px\u00bb border_width_top=\u00bb6px\u00bb border_color_top=\u00bb#c9241c\u00bb global_colors_info=\u00bb{}\u00bb]<\/p>\n<p>CONSTITUCION DE EMPRESAS<\/p>\n<p>[\/et_pb_text][\/et_pb_column][et_pb_column type=\u00bb1_3&#8243; _builder_version=\u00bb4.27.4&#8243; _dynamic_attributes=\u00bblink_option_url\u00bb _module_preset=\u00bbdefault\u00bb link_option_url=\u00bb@ET-DC@eyJkeW5hbWljIjp0cnVlLCJjb250ZW50IjoicG9zdF9saW5rX3VybF9wYWdlIiwic2V0dGluZ3MiOnsicG9zdF9pZCI6Ijc4NSJ9fQ==@\u00bb global_colors_info=\u00bb{}\u00bb][et_pb_image src=\u00bbhttps:\/\/gecontperu.com\/wp-content\/uploads\/2025\/11\/5.jpg\u00bb title_text=\u00bb5&#8243; align=\u00bbcenter\u00bb _builder_version=\u00bb4.27.4&#8243; _module_preset=\u00bbdefault\u00bb custom_margin=\u00bb||0px||false|false\u00bb border_radii=\u00bboff|20px|20px||\u00bb global_colors_info=\u00bb{}\u00bb][\/et_pb_image][et_pb_text _builder_version=\u00bb4.27.4&#8243; _module_preset=\u00bbdefault\u00bb text_font=\u00bb|700|||||||\u00bb text_text_color=\u00bb#FFFFFF\u00bb text_font_size=\u00bb17px\u00bb text_line_height=\u00bb1.4em\u00bb background_color=\u00bb#000000&#8243; text_orientation=\u00bbcenter\u00bb custom_padding=\u00bb10px|10px|10px|10px|false|false\u00bb border_radii=\u00bboff|||20px|20px\u00bb border_width_top=\u00bb6px\u00bb border_color_top=\u00bb#c9241c\u00bb global_colors_info=\u00bb{}\u00bb]<\/p>\n<p>CAPACITACION VIRTUAL<\/p>\n<p>[\/et_pb_text][\/et_pb_column][et_pb_column type=\u00bb1_3&#8243; _builder_version=\u00bb4.27.4&#8243; _module_preset=\u00bbdefault\u00bb hover_enabled=\u00bb0&#8243; global_colors_info=\u00bb{}\u00bb link_option_url=\u00bb@ET-DC@eyJkeW5hbWljIjp0cnVlLCJjb250ZW50IjoicG9zdF9saW5rX3VybF9wYWdlIiwic2V0dGluZ3MiOnsicG9zdF9pZCI6IjgyOSJ9fQ==@\u00bb _dynamic_attributes=\u00bblink_option_url\u00bb sticky_enabled=\u00bb0&#8243;][et_pb_image src=\u00bbhttps:\/\/gecontperu.com\/wp-content\/uploads\/2025\/11\/Diseno-sin-titulo-50.jpg\u00bb title_text=\u00bbDise\u00f1o sin t\u00edtulo (50)\u00bb align=\u00bbcenter\u00bb _builder_version=\u00bb4.27.4&#8243; _module_preset=\u00bbdefault\u00bb custom_margin=\u00bb||0px||false|false\u00bb hover_enabled=\u00bb0&#8243; border_radii=\u00bboff|20px|20px||\u00bb global_colors_info=\u00bb{}\u00bb sticky_enabled=\u00bb0&#8243;][\/et_pb_image][et_pb_text _builder_version=\u00bb4.27.4&#8243; _module_preset=\u00bbdefault\u00bb text_font=\u00bb|700|||||||\u00bb text_text_color=\u00bb#FFFFFF\u00bb text_font_size=\u00bb17px\u00bb text_line_height=\u00bb1.4em\u00bb background_color=\u00bb#000000&#8243; text_orientation=\u00bbcenter\u00bb custom_padding=\u00bb10px|10px|10px|10px|false|false\u00bb border_radii=\u00bboff|||20px|20px\u00bb border_width_top=\u00bb6px\u00bb border_color_top=\u00bb#c9241c\u00bb global_colors_info=\u00bb{}\u00bb]<\/p>\n<p>DISOLUCI\u00d3N, LIQUIDACI\u00d3N Y EXTINCI\u00d3N DE EMPRESAS<\/p>\n<p>[\/et_pb_text][\/et_pb_column][\/et_pb_row][et_pb_row column_structure=\u00bb1_3,1_3,1_3&#8243; make_equal=\u00bbon\u00bb _builder_version=\u00bb4.27.4&#8243; _module_preset=\u00bbdefault\u00bb animation_style=\u00bbzoom\u00bb hover_enabled=\u00bb0&#8243; global_colors_info=\u00bb{}\u00bb sticky_enabled=\u00bb0&#8243;][et_pb_column type=\u00bb1_3&#8243; _builder_version=\u00bb4.27.4&#8243; _dynamic_attributes=\u00bblink_option_url\u00bb _module_preset=\u00bbdefault\u00bb link_option_url=\u00bb@ET-DC@eyJkeW5hbWljIjp0cnVlLCJjb250ZW50IjoicG9zdF9saW5rX3VybF9wYWdlIiwic2V0dGluZ3MiOnsicG9zdF9pZCI6IjgzMSJ9fQ==@\u00bb hover_enabled=\u00bb0&#8243; global_colors_info=\u00bb{}\u00bb sticky_enabled=\u00bb0&#8243;][et_pb_image src=\u00bbhttps:\/\/gecontperu.com\/wp-content\/uploads\/2025\/11\/Diseno-sin-titulo-51.jpg\u00bb title_text=\u00bbDise\u00f1o sin t\u00edtulo (51)\u00bb align=\u00bbcenter\u00bb _builder_version=\u00bb4.27.4&#8243; _module_preset=\u00bbdefault\u00bb custom_margin=\u00bb||0px||false|false\u00bb hover_enabled=\u00bb0&#8243; border_radii=\u00bboff|20px|20px||\u00bb global_colors_info=\u00bb{}\u00bb sticky_enabled=\u00bb0&#8243;][\/et_pb_image][et_pb_text _builder_version=\u00bb4.27.4&#8243; _module_preset=\u00bbdefault\u00bb text_font=\u00bb|700|||||||\u00bb text_text_color=\u00bb#FFFFFF\u00bb text_font_size=\u00bb17px\u00bb text_line_height=\u00bb1.4em\u00bb background_color=\u00bb#000000&#8243; text_orientation=\u00bbcenter\u00bb custom_padding=\u00bb10px|10px|10px|10px|false|false\u00bb border_radii=\u00bboff|||20px|20px\u00bb border_width_top=\u00bb6px\u00bb border_color_top=\u00bb#c9241c\u00bb global_colors_info=\u00bb{}\u00bb]<\/p>\n<p>CONSULTAS VIRTUALES<\/p>\n<p>[\/et_pb_text][\/et_pb_column][et_pb_column type=\u00bb1_3&#8243; _builder_version=\u00bb4.27.4&#8243; _module_preset=\u00bbdefault\u00bb hover_enabled=\u00bb0&#8243; global_colors_info=\u00bb{}\u00bb sticky_enabled=\u00bb0&#8243;][\/et_pb_column][et_pb_column type=\u00bb1_3&#8243; _builder_version=\u00bb4.27.4&#8243; _module_preset=\u00bbdefault\u00bb global_colors_info=\u00bb{}\u00bb][\/et_pb_column][\/et_pb_row][\/et_pb_section]<\/p>\n","protected":false},"excerpt":{"rendered":"<p>SERVICIOSOUTSOURCING CONTABLEGESTION DE PLANILLASCONTABILIDAD ONLINECONSTITUCION DE EMPRESASCAPACITACION VIRTUALDISOLUCI\u00d3N, LIQUIDACI\u00d3N Y EXTINCI\u00d3N DE EMPRESASCONSULTAS VIRTUALES<\/p>\n","protected":false},"author":1,"featured_media":0,"parent":0,"menu_order":0,"comment_status":"closed","ping_status":"closed","template":"","meta":{"_et_pb_use_builder":"on","_et_pb_old_content":"<!-- wp:divi\/placeholder \/-->","_et_gb_content_width":"","_joinchat":[],"footnotes":""},"class_list":["post-12","page","type-page","status-publish","hentry"],"_links":{"self":[{"href":"https:\/\/gecontperu.com\/index.php?rest_route=\/wp\/v2\/pages\/12","targetHints":{"allow":["GET"]}}],"collection":[{"href":"https:\/\/gecontperu.com\/index.php?rest_route=\/wp\/v2\/pages"}],"about":[{"href":"https:\/\/gecontperu.com\/index.php?rest_route=\/wp\/v2\/types\/page"}],"author":[{"embeddable":true,"href":"https:\/\/gecontperu.com\/index.php?rest_route=\/wp\/v2\/users\/1"}],"replies":[{"embeddable":true,"href":"https:\/\/gecontperu.com\/index.php?rest_route=%2Fwp%2Fv2%2Fcomments&post=12"}],"version-history":[{"count":4,"href":"https:\/\/gecontperu.com\/index.php?rest_route=\/wp\/v2\/pages\/12\/revisions"}],"predecessor-version":[{"id":836,"href":"https:\/\/gecontperu.com\/index.php?rest_route=\/wp\/v2\/pages\/12\/revisions\/836"}],"wp:attachment":[{"href":"https:\/\/gecontperu.com\/index.php?rest_route=%2Fwp%2Fv2%2Fmedia&parent=12"}],"curies":[{"name":"wp","href":"https:\/\/api.w.org\/{rel}","templated":true}]}}